{"id":14,"date":"2024-08-07T08:10:27","date_gmt":"2024-08-07T08:10:27","guid":{"rendered":"https:\/\/sinavmentorum.com\/?page_id=14"},"modified":"2024-08-10T12:59:17","modified_gmt":"2024-08-10T12:59:17","slug":"ana-sayfa","status":"publish","type":"page","link":"https:\/\/sinavmentorum.com\/","title":{"rendered":"Ana Sayfa"},"content":{"rendered":"<div class=\"wp-block-cover alignfull is-light\" style=\"min-height:720px;aspect-ratio:unset;\"><span aria-hidden=\"true\" class=\"wp-block-cover__background has-background-dim-100 has-background-dim has-background-gradient\" style=\"background:linear-gradient(35deg,rgb(6,0,151) 0%,rgb(130,4,255) 73%,rgb(193,15,255) 100%)\"><\/span><div class=\"wp-block-cover__inner-container is-layout-flow wp-block-cover-is-layout-flow\"><div class=\"inherit-container-width wp-block-group alignwide is-layout-constrained wp-block-group-is-layout-constrained\"><div class=\"wp-block-media-text alignwide has-media-on-the-right is-stacked-on-mobile is-vertically-aligned-center\" style=\"grid-template-columns:auto 43%\"><div class=\"wp-block-media-text__content\"><p><\/p>\n\n<h2 class=\"wp-block-heading has-text-align-left has-white-color has-text-color\">E\u011fitimde Yapay Zeka D\u00f6nemi!<\/h2>\n\n<p>\u00d6\u011frenciler \/ \u00d6\u011fretmenler \/ Veliler \/ Dershaneler \/ Okullar \/ Yay\u0131nevleri i\u00e7in s\u0131nava haz\u0131rl\u0131k takibi art\u0131k \u00e7ok daha kolay. <\/p>\n\n<div class=\"wp-block-buttons is-layout-flex wp-block-buttons-is-layout-flex\"><div class=\"wp-block-button\"><a class=\"wp-block-button__link wp-element-button\" href=\"#\">\u0130leti\u015fim: info@sinavmentorum.com<\/a><\/div><\/div><\/div><figure class=\"wp-block-media-text__media\"><img decoding=\"async\" src=\"https:\/\/sinavmentorum.com\/wp-content\/themes\/astra\/inc\/assets\/images\/starter-content\/hero-img.svg\" alt=\"\" class=\"wp-image-118 size-full\"\/><\/figure><\/div><\/div><\/div><\/div><div class=\"wp-block-group alignfull has-ast-global-color-5-background-color has-background is-layout-constrained wp-container-core-group-is-layout-94d206d0 wp-block-group-is-layout-constrained\" id=\"about\" style=\"padding-top:143px;padding-bottom:144px\"><div class=\"wp-block-media-text has-media-on-the-right is-stacked-on-mobile is-vertically-aligned-center\"><div class=\"wp-block-media-text__content\"><div class=\"inherit-container-width wp-block-group is-layout-constrained wp-container-core-group-is-layout-47ce07ec wp-block-group-is-layout-constrained\" style=\"padding-right:80px\"><h2 class=\"wp-block-heading\" style=\"padding-right:40px\">Hangi probleme odaklan\u0131yoruz?<\/h2>\n\n<p><\/p>\n\n<p>\u00d6\u011frencilerin s\u0131nav haz\u0131rl\u0131k s\u00fcrecinde ba\u015far\u0131 takibinin yeterince iyi yap\u0131lamamas\u0131, yapay zekadan yeterince faydalan\u0131lamamas\u0131, farkl\u0131 yay\u0131nevlerinin s\u0131navlar\u0131n\u0131 kullanan e\u011fitim kurumlar\u0131n\u0131n s\u0131navlar\u0131 birbiriyle konu\u015fturamamas\u0131, dijital ortama aktararak ar\u015fivleyememesi, ve rehber \u00f6\u011fretmenlerin s\u0131nav s\u00fcrecinde her \u00f6\u011frenciye yeterince ki\u015fiselle\u015ftirilmi\u015f ment\u00f6rl\u00fck yapacak vakti bulamamas\u0131n\u0131 \u00e7\u00f6zmek ana oda\u011f\u0131m\u0131zd\u0131r.<\/p><\/div><\/div><figure class=\"wp-block-media-text__media\"><img decoding=\"async\" src=\"https:\/\/sinavmentorum.com\/wp-content\/themes\/astra\/inc\/assets\/images\/starter-content\/about-us.jpg\" alt=\"\" class=\"wp-image-237 size-full\"\/><\/figure><\/div><\/div><div class=\"wp-block-group alignfull has-ast-global-color-5-background-color has-background is-layout-constrained wp-container-core-group-is-layout-9cedb757 wp-block-group-is-layout-constrained\" style=\"padding-bottom:0px\"><div class=\"wp-block-columns are-vertically-aligned-top is-layout-flex wp-container-core-columns-is-layout-00723822 wp-block-columns-is-layout-flex\"><div class=\"wp-block-column is-vertically-aligned-top is-layout-flow wp-container-core-column-is-layout-6b73ce23 wp-block-column-is-layout-flow\"><figure class=\"wp-block-image size-large\"><img decoding=\"async\" src=\"https:\/\/sinavmentorum.com\/wp-content\/themes\/astra\/inc\/assets\/images\/starter-content\/building.svg\" alt=\"\" class=\"wp-image-134\"\/><\/figure>\n\n<h3 class=\"wp-block-heading has-text-align-left\" style=\"margin-top:16px\">Hata Ar\u015fivi<\/h3>\n\n<p class=\"has-text-align-left\" style=\"font-size:15px\">Kurum taraf\u0131ndan taranarak taraf\u0131m\u0131za pdf olarak iletilen fiziksel s\u0131navlar\u0131 otomatik olarak sorular\u0131na ay\u0131r\u0131r ve \u00f6\u011frencilerin daha sonra eri\u015febilmesi ad\u0131na hata ar\u015fivi olu\u015fturur.<\/p><\/div>\n\n<div class=\"wp-block-column is-vertically-aligned-top is-layout-flow wp-container-core-column-is-layout-6b73ce23 wp-block-column-is-layout-flow\"><figure class=\"wp-block-image size-large\"><img decoding=\"async\" src=\"https:\/\/sinavmentorum.com\/wp-content\/themes\/astra\/inc\/assets\/images\/starter-content\/blog.svg\" alt=\"\" class=\"wp-image-136\"\/><\/figure>\n\n<h3 class=\"wp-block-heading has-text-align-left\" style=\"margin-top:16px\">\u0130nteraktif Analiz<\/h3>\n\n<p class=\"has-text-align-left\" style=\"font-size:15px\">Sorular\u0131na ayr\u0131lm\u0131\u015f s\u0131navlar\u0131n m\u00fcfredat konular\u0131n\u0131 yapay zeka yard\u0131m\u0131yla belirler ve \u00f6\u011fretmen\/\u00f6\u011frenci\/velilerin ula\u015fabilece\u011fi etkile\u015fimli bir rapor sunar.<\/p><\/div>\n\n<div class=\"wp-block-column is-vertically-aligned-top is-layout-flow wp-container-core-column-is-layout-6b73ce23 wp-block-column-is-layout-flow\"><figure class=\"wp-block-image size-large\"><img decoding=\"async\" src=\"https:\/\/sinavmentorum.com\/wp-content\/themes\/astra\/inc\/assets\/images\/starter-content\/portfolio.svg\" alt=\"\" class=\"wp-image-137\"\/><\/figure>\n\n<h3 class=\"wp-block-heading has-text-align-left\" style=\"margin-top:16px\">Ba\u015far\u0131 Re\u00e7etesi<\/h3>\n\n<p class=\"has-text-align-left\" style=\"font-size:16px\">Yine yapay zeka yard\u0131m\u0131yla \u00f6\u011frencilere ki\u015fiye \u00f6zel hangi konulara daha \u00e7ok \u00e7al\u0131\u015fmas\u0131 gerekti\u011fi ile ilgili eski t\u00fcm s\u0131navlar\u0131n\u0131 da dikkate alarak bakarak yaz\u0131l\u0131 bir re\u00e7ete haz\u0131rlar.<\/p><\/div>\n\n<div class=\"wp-block-column is-vertically-aligned-top is-layout-flow wp-container-core-column-is-layout-6b73ce23 wp-block-column-is-layout-flow\"><figure class=\"wp-block-image size-large\"><img decoding=\"async\" src=\"https:\/\/sinavmentorum.com\/wp-content\/themes\/astra\/inc\/assets\/images\/starter-content\/shopping-bag.svg\" alt=\"\" class=\"wp-image-135\"\/><\/figure>\n\n<h3 class=\"wp-block-heading has-text-align-left\" style=\"margin-top:16px\">Api deste\u011fi ve fazlas\u0131<\/h3>\n\n<p class=\"has-text-align-left\" style=\"font-size:14px\">Ham veriyi g\u00f6rselle\u015ftirebilecek teknik altyap\u0131s\u0131 olan kurumlara, analiz edilmi\u015f ve kendi \u00e7\u00f6z\u00fcmlerine kolayca entegre edebilecekleri veriyi api \u00fczerinden edinme imkan\u0131 sunuyoruz. Halihaz\u0131rda olan sisteminize minimum eforla entegre olmak i\u00e7in gerekli \u00e7al\u0131\u015fmalar\u0131 yapaca\u011f\u0131z. <\/p><\/div><\/div><\/div><div class=\"wp-block-group alignfull is-layout-constrained wp-block-group-is-layout-constrained\" id=\"services\" style=\"padding-top:144px;padding-bottom:0px\"><h2 class=\"wp-block-heading\">\u00c7al\u0131\u015fma Detaylar\u0131m\u0131z<\/h2>\n\n<div class=\"wp-block-columns is-layout-flex wp-container-core-columns-is-layout-60cbf9bb wp-block-columns-is-layout-flex\" style=\"margin-top:50px\"><div class=\"wp-block-column is-layout-flow wp-container-core-column-is-layout-6b73ce23 wp-block-column-is-layout-flow\"><p><img decoding=\"async\" src=\"https:\/\/lh7-rt.googleusercontent.com\/slidesz\/AGV_vUdeOo2aG3KdynW4EPQNbBq9Zweylwes9CCB_1F02ssV4aUb44qoCTCgbV3yQ_VT0Hqt9VDrmgHtlhPhleIHp2RCVYzDFMNZCxRRZeegRXwb9yCC2hkluge6wWAxrFviwirs8mTN4BqanUOK6B7DsPYUyAkGRmt-=s2048?key=f2ksP1k1UXAO_nDassoE0Q\" style=\"width: 370px;\"><\/p>\n\n<h3 class=\"wp-block-heading\" style=\"margin-top:16px\">Teknoloji<\/h3>\n\n<p> &#8211; Sorular\u0131 konular\u0131na g\u00f6re s\u0131n\u0131fland\u0131rabilen geli\u015fmi\u015f yapay zeka algoritmas\u0131 deste\u011fi<br>&#8211; S\u0131navlar\u0131 analiz eden ve \u00f6\u011frenci\/s\u0131n\u0131f\/okul i\u00e7in geli\u015fim plan\u0131 haz\u0131rlayan yapay zeka algoritmas\u0131 deste\u011fi<br>&#8211; Optik formlar\u0131 dijital ortama aktaran ve de\u011ferlendiren tan\u0131ma teknolojisi<br>&#8211; D\u00fczg\u00fcn girilmeyen bilgilerini(isim, \u00f6\u011frenci no) tekille\u015ftiren teknoloji deste\u011fi<br>&#8211; Eri\u015filebilirlik ve \u00f6l\u00e7eklenebilirlik i\u00e7in g\u00fcvenli bulut tabanl\u0131 depolama, i\u015fleme ve raporlama<\/p><\/div>\n\n<div class=\"wp-block-column is-layout-flow wp-container-core-column-is-layout-6b73ce23 wp-block-column-is-layout-flow\"><p><img decoding=\"async\" style=\"width: 350px;\" src=\"https:\/\/lh7-rt.googleusercontent.com\/slidesz\/AGV_vUcYBMj4vH7yw4aaZqH6xuRYB9zNUmcH84UyLuHt-5eIFDFvHN2DGywZ4tXMQq1O6wER1GvIdAj3_F62wgBVy839GuVoKy9tzviF0Ur9Hiqw9T9k32JW6lUQMvsB1M-UBNscM4oE7nUuxZM-I0dd_ORvTk_LcAPe=s2048?key=f2ksP1k1UXAO_nDassoE0Q\"><\/p>\n\n<h3 class=\"wp-block-heading\" style=\"margin-top:16px\">Kurulum<\/h3>\n\n<p>&#8211; Herhangi bir kuruluma ihtiya\u00e7 yoktur<br>&#8211; Sadece her s\u0131navda optik formlar\u0131 ve s\u0131nav \u00f6rne\u011fini bizimle payla\u015fman\u0131z yeterlidir.<br>&#8211; Gerekebilecek di\u011fer detaylar kurumun ihtiyac\u0131na g\u00f6re belirlenecektir<br>&#8211; T\u00fcm ekranlara, verdi\u011fimiz link \u00fczerinden online olarak ula\u015f\u0131labilecek<\/p><\/div>\n\n<div class=\"wp-block-column is-layout-flow wp-container-core-column-is-layout-6b73ce23 wp-block-column-is-layout-flow\"><p><img decoding=\"async\" src=\"https:\/\/lh7-rt.googleusercontent.com\/slidesz\/AGV_vUf82BKZ5lQ_H7Pb1eAemu1-v-xOQ1fsTC5vyz_WItCqucjtdNKR28Z_oGVWBNnZoVZAOocOdbt9NBtTpWdRxC1NQloG3e-gQykhSXUuGqNu8ANfW0pxW09lHzMD_v5JLU1rzMbCtCAOESLawLp3ZXvlzje-80DK=s2048?key=f2ksP1k1UXAO_nDassoE0Q\" style=\"width: 350px;\"><\/p>\n\n<h3 class=\"wp-block-heading\" style=\"margin-top:16px\">Ak\u0131\u015f<\/h3>\n\n<p>&#8211; E\u011fitim kurumu ile hangi alanlarda \u00e7al\u0131\u015fabilece\u011fimizin ve ihtiya\u00e7lar\u0131n belirlenmesi<br>&#8211; S\u0131nav kitap\u00e7\u0131\u011f\u0131, optik formlar ve cevap anahtar\u0131n\u0131n pdf\u2019inin platforma y\u00fcklenmesi<br>&#8211; Yapay zeka destekli konu tan\u0131ma ve s\u0131n\u0131fland\u0131rma sisteminin \u00e7al\u0131\u015fmas\u0131<br>&#8211; Demolarda yer alan detayl\u0131 s\u0131nav analizinin e\u011fitim kurumunun ekran\u0131na yans\u0131mas\u0131<br>&#8211; \u00d6\u011frenci performans\u0131n\u0131n tarihsel verilerle birlikte analiz edilmesi ve geli\u015fim alanlar\u0131 ile ilgili yol haritas\u0131n\u0131n \u00f6nerilmesi<\/p><\/div><\/div><\/div><div class=\"wp-block-group alignfull has-ast-global-color-4-background-color has-background is-layout-constrained wp-container-core-group-is-layout-6a2cfb7b wp-block-group-is-layout-constrained\" id=\"reviews\"><figure class=\"wp-block-image aligncenter size-full\"><img decoding=\"async\" src=\"https:\/\/sinavmentorum.com\/wp-content\/themes\/astra\/inc\/assets\/images\/starter-content\/avatar.png\" alt=\"\" class=\"wp-image-235\"\/><\/figure>\n\n<p class=\"has-text-align-center\" style=\"font-size:22px;line-height:1.6\">\u201cHem bir e\u011fitimci, hem bir \u00f6\u011frenci velisi olarak S\u0131navmentorum&#8217;\u00fc g\u00f6rene kadar bu kadar sistematik ve nokta at\u0131\u015f\u0131 bir s\u0131nav takip sistemi olabilece\u011fi akl\u0131ma gelmezdi. T\u00fcrk e\u011fitim sistemimizin ka\u00e7\u0131n\u0131lmaz bir par\u00e7as\u0131 olan s\u0131nav haz\u0131rl\u0131k s\u00fcrecini takip edilebilir bir hale getirdi\u011finiz i\u00e7in te\u015fekk\u00fcrler.\u201d<\/p>\n\n<p class=\"has-text-align-center\"><strong>Selim Aktan<\/strong><\/p><\/div><div class=\"wp-block-group alignfull is-layout-constrained wp-block-group-is-layout-constrained\" id=\"services\" style=\"padding-top:144px;padding-bottom:0px\"><h2 class=\"wp-block-heading\">\u00d6rnek \u00dcr\u00fcn Ekranlar\u0131<\/h2>\n\n<div class=\"wp-block-columns is-layout-flex wp-container-core-columns-is-layout-60cbf9bb wp-block-columns-is-layout-flex\" style=\"margin-top:50px\"><div class=\"wp-block-column is-layout-flow wp-container-core-column-is-layout-6b73ce23 wp-block-column-is-layout-flow\"><p><img decoding=\"async\" style=\"width: 420px;\" src=\"https:\/\/lh7-rt.googleusercontent.com\/slidesz\/AGV_vUdUgm6q48jViwmcTRARFvqKPOKNNIQga0gc263ST62LWt3R7Cwgb6_qwl2U12JdTsrKdKAldLc02OxhSDS8LUuaUpFb57M2ZS-AOpu8S8GucnEHDEULzGuwoeHriHsX2UXtvu0au6nb_TsRYprFrr53uQXhMwY5=s2048?key=f2ksP1k1UXAO_nDassoE0Q\"><\/p>\n\n<p> <\/p>\n\n<p class=\"has-ast-global-color-5-color has-text-color has-link-color wp-elements-4c1ef0cd792591919ba38d10ce99f6b5\">                                                                       .  <\/p>\n\n<p class=\"has-ast-global-color-5-color has-text-color has-link-color wp-elements-5306b140307b7a40b4cbf0d7a19140dd\">                                                                     .<\/p>\n\n<h3 class=\"wp-block-heading\" style=\"margin-top:16px\">Hata Defterim<\/h3>\n\n<p>Fiziksel s\u0131navlar\u0131 pdf&#8217;lerinden otomatik olarak sorular\u0131na ay\u0131r\u0131r ve \u00f6\u011frencilerin daha sonra eri\u015febilmesi ad\u0131na hata ar\u015fivi olu\u015fturur.<\/p><\/div>\n\n<div class=\"wp-block-column is-layout-flow wp-container-core-column-is-layout-6b73ce23 wp-block-column-is-layout-flow\"><p><img decoding=\"async\" style=\"width: 400px;\" src=\"https:\/\/lh7-rt.googleusercontent.com\/slidesz\/AGV_vUe_4GTgce-cfw5kEbfyjWX5P-X2RKUJZ-1iO7ioQwHkdgadPpnSYlI6Bvkt5qX4SkKFEkUVMNkPNmc_A3rlyDA-vmEjpyN5frfDuqg-sGBMAr7p7RVlyJ2--t6Z8AktFhnYseIT5qyI68Vr2euiTbBMUAagjW6U=s2048?key=f2ksP1k1UXAO_nDassoE0Q\"><\/p>\n\n<p> <\/p>\n\n<p class=\"has-white-color has-text-color has-link-color wp-elements-2e5d1afd5379f2b51110a75c0dda13fd\">                                                                       .  <\/p>\n\n<p class=\"has-white-color has-text-color has-link-color wp-elements-af249af4397f6e75e81d9b39cb55cdd2\">                                                                     .<\/p>\n\n<h3 class=\"wp-block-heading\" style=\"margin-top:16px\">\u0130nteraktif Analiz Raporlar\u0131<\/h3>\n\n<p>Sorular\u0131na ayr\u0131lm\u0131\u015f s\u0131navlar\u0131n m\u00fcfredat konular\u0131n\u0131 yapay zeka yard\u0131m\u0131yla belirler ve \u00f6\u011fretmen\/\u00f6\u011frenci\/velilerin ula\u015fabilece\u011fi etkile\u015fimli bir rapor sunar<\/p><\/div>\n\n<div class=\"wp-block-column is-layout-flow wp-container-core-column-is-layout-6b73ce23 wp-block-column-is-layout-flow\"><p><img decoding=\"async\" src=\"https:\/\/lh7-rt.googleusercontent.com\/slidesz\/AGV_vUeGzKQuNDZG5soMjwab_hyh5hVfqQNcOpMZYpk5ryf4a76B4JvKAl9YairRQifxA0SpqNlqvSTNIm0461zGZdUq0cn7sxSN6flet27e9U_eu3lcfNxrYhaKmmbphQ72_ZPGivxsjnq0t-0ef0sfvBNneOqf5RvX=s2048?key=f2ksP1k1UXAO_nDassoE0Q\" style=\"width: 400px;\"><\/p>\n\n<h3 class=\"wp-block-heading\" style=\"margin-top:16px\">Ba\u015far\u0131 Re\u00e7etesi<\/h3>\n\n<p>Yapay zeka deste\u011fiyle \u00f6\u011frencilere ki\u015fiye \u00f6zel hangi konulara daha \u00e7ok \u00e7al\u0131\u015fmas\u0131 gerekti\u011fi ile ilgili eski girdi\u011fi t\u00fcm s\u0131navlar\u0131na da bakarak 360 derece kapsay\u0131c\u0131 ve yaz\u0131l\u0131 bir re\u00e7ete haz\u0131rlar.<\/p><\/div><\/div><\/div><div class=\"wp-block-group alignfull is-layout-constrained wp-container-core-group-is-layout-3fee123f wp-block-group-is-layout-constrained\" id=\"whyus\" style=\"padding-top:144px;padding-bottom:144px\"><h2 class=\"wp-block-heading\">Neden Biz<\/h2>\n\n<div class=\"wp-block-columns is-layout-flex wp-container-core-columns-is-layout-29aadeec wp-block-columns-is-layout-flex\" style=\"margin-top:60px\"><div class=\"wp-block-column is-layout-flow wp-container-core-column-is-layout-6b73ce23 wp-block-column-is-layout-flow\"><figure class=\"wp-block-image size-large\"><img decoding=\"async\" src=\"https:\/\/sinavmentorum.com\/wp-content\/themes\/astra\/inc\/assets\/images\/starter-content\/passionate.svg\" alt=\"\" class=\"wp-image-162\"\/><\/figure>\n\n<h3 class=\"wp-block-heading\" style=\"margin-top:16px\">Tutkulu<\/h3>\n\n<p>\u00dclkemizin ve gen\u00e7lerimizin gelece\u011fine hizmet etmek isteyen bir ekibiz. Bunu yapt\u0131\u011f\u0131m\u0131z i\u015fin kalitesine ve vizyonuna yans\u0131tabilmek amac\u0131m\u0131zd\u0131r.<\/p><\/div>\n\n<div class=\"wp-block-column is-layout-flow wp-container-core-column-is-layout-6b73ce23 wp-block-column-is-layout-flow\"><figure class=\"wp-block-image size-large\"><img decoding=\"async\" src=\"https:\/\/sinavmentorum.com\/wp-content\/themes\/astra\/inc\/assets\/images\/starter-content\/professional.svg\" alt=\"\" class=\"wp-image-163\"\/><\/figure>\n\n<h3 class=\"wp-block-heading\" style=\"margin-top:16px\">Etki odakl\u0131<\/h3>\n\n<p>E\u011fitimdeki ger\u00e7ek ihtiyac\u0131n\u0131za g\u00f6re size sunabilece\u011fimiz en uygun \u00e7\u00f6z\u00fcm\u00fc bulmaya odakl\u0131y\u0131z.<\/p><\/div>\n\n<div class=\"wp-block-column is-layout-flow wp-container-core-column-is-layout-6b73ce23 wp-block-column-is-layout-flow\"><figure class=\"wp-block-image size-large\"><img decoding=\"async\" src=\"https:\/\/sinavmentorum.com\/wp-content\/themes\/astra\/inc\/assets\/images\/starter-content\/support.svg\" alt=\"\" class=\"wp-image-164\"\/><\/figure>\n\n<h3 class=\"wp-block-heading\" style=\"margin-top:16px\">Destek\u00e7i<\/h3>\n\n<p>Problemlerinizi daha \u00e7ok dinleyerek yak\u0131n destekte olabilmek \u00f6nceli\u011fimiz, referanslar\u0131m\u0131z ise memnuniyet garantimizdir.<\/p><\/div><\/div><\/div><div class=\"wp-block-group alignfull has-background is-layout-constrained wp-container-core-group-is-layout-cfcca693 wp-block-group-is-layout-constrained\" id=\"contact\" style=\"background:linear-gradient(35deg,rgb(6,0,151) 0%,rgb(130,4,255) 64%,rgb(193,15,255) 98%);padding-top:104px;padding-bottom:104px\"><h2 class=\"wp-block-heading has-text-align-center has-text-color\" style=\"color:#ffffff\">\u015eimdi bize ula\u015f\u0131n!<\/h2>\n\n<div class=\"wp-block-buttons alignwide is-horizontal is-content-justification-center is-layout-flex wp-container-core-buttons-is-layout-bba8380a wp-block-buttons-is-layout-flex\" style=\"margin-top:50px\"><div class=\"wp-block-button\"><a class=\"wp-block-button__link wp-element-button\" href=\"mailto:info@sinavmentorum.com\">Email G\u00f6nder<\/a><\/div><\/div><\/div>","protected":false},"excerpt":{"rendered":"<p>Hangi probleme odaklan\u0131yoruz? \u00d6\u011frencilerin s\u0131nav haz\u0131rl\u0131k s\u00fcrecinde ba\u015far\u0131 takibinin yeterince iyi yap\u0131lamamas\u0131, yapay zekadan yeterince faydalan\u0131lamamas\u0131, farkl\u0131 yay\u0131nevlerinin s\u0131navlar\u0131n\u0131 kullanan [&hellip;]<\/p>\n","protected":false},"author":1,"featured_media":0,"parent":0,"menu_order":0,"comment_status":"closed","ping_status":"closed","template":"","meta":{"site-sidebar-layout":"no-sidebar","site-content-layout":"plain-container","ast-site-content-layout":"","site-content-style":"default","site-sidebar-style":"default","ast-global-header-display":"","ast-banner-title-visibility":"","ast-main-header-display":"","ast-hfb-above-header-display":"","ast-hfb-below-header-display":"","ast-hfb-mobile-header-display":"","site-post-title":"disabled","ast-breadcrumbs-content":"","ast-featured-img":"","footer-sml-layout":"","theme-transparent-header-meta":"enabled","adv-header-id-meta":"","stick-header-meta":"","header-above-stick-meta":"","header-main-stick-meta":"","header-below-stick-meta":"","astra-migrate-meta-layouts":"default","ast-page-background-enabled":"default","ast-page-background-meta":{"desktop":{"background-color":"var(--ast-global-color-4)","background-image":"","background-repeat":"repeat","background-position":"center center","background-size":"auto","background-attachment":"scroll","background-type":"","background-media":"","overlay-type":"","overlay-color":"","overlay-opacity":"","overlay-gradient":""},"tablet":{"background-color":"","background-image":"","background-repeat":"repeat","background-position":"center center","background-size":"auto","background-attachment":"scroll","background-type":"","background-media":"","overlay-type":"","overlay-color":"","overlay-opacity":"","overlay-gradient":""},"mobile":{"background-color":"","background-image":"","background-repeat":"repeat","background-position":"center center","background-size":"auto","background-attachment":"scroll","background-type":"","background-media":"","overlay-type":"","overlay-color":"","overlay-opacity":"","overlay-gradient":""}},"ast-content-background-meta":{"desktop":{"background-color":"var(--ast-global-color-5)","background-image":"","background-repeat":"repeat","background-position":"center center","background-size":"auto","background-attachment":"scroll","background-type":"","background-media":"","overlay-type":"","overlay-color":"","overlay-opacity":"","overlay-gradient":""},"tablet":{"background-color":"var(--ast-global-color-5)","background-image":"","background-repeat":"repeat","background-position":"center center","background-size":"auto","background-attachment":"scroll","background-type":"","background-media":"","overlay-type":"","overlay-color":"","overlay-opacity":"","overlay-gradient":""},"mobile":{"background-color":"var(--ast-global-color-5)","background-image":"","background-repeat":"repeat","background-position":"center center","background-size":"auto","background-attachment":"scroll","background-type":"","background-media":"","overlay-type":"","overlay-color":"","overlay-opacity":"","overlay-gradient":""}},"footnotes":""},"class_list":["post-14","page","type-page","status-publish","hentry"],"_links":{"self":[{"href":"https:\/\/sinavmentorum.com\/index.php?rest_route=\/wp\/v2\/pages\/14","targetHints":{"allow":["GET"]}}],"collection":[{"href":"https:\/\/sinavmentorum.com\/index.php?rest_route=\/wp\/v2\/pages"}],"about":[{"href":"https:\/\/sinavmentorum.com\/index.php?rest_route=\/wp\/v2\/types\/page"}],"author":[{"embeddable":true,"href":"https:\/\/sinavmentorum.com\/index.php?rest_route=\/wp\/v2\/users\/1"}],"replies":[{"embeddable":true,"href":"https:\/\/sinavmentorum.com\/index.php?rest_route=%2Fwp%2Fv2%2Fcomments&post=14"}],"version-history":[{"count":21,"href":"https:\/\/sinavmentorum.com\/index.php?rest_route=\/wp\/v2\/pages\/14\/revisions"}],"predecessor-version":[{"id":56,"href":"https:\/\/sinavmentorum.com\/index.php?rest_route=\/wp\/v2\/pages\/14\/revisions\/56"}],"wp:attachment":[{"href":"https:\/\/sinavmentorum.com\/index.php?rest_route=%2Fwp%2Fv2%2Fmedia&parent=14"}],"curies":[{"name":"wp","href":"https:\/\/api.w.org\/{rel}","templated":true}]}}